{"id":407,"date":"2023-07-19T16:50:22","date_gmt":"2023-07-19T14:50:22","guid":{"rendered":"https:\/\/hannesmair.node.systems\/?page_id=407"},"modified":"2024-07-17T10:11:52","modified_gmt":"2024-07-17T08:11:52","slug":"imprint","status":"publish","type":"page","link":"https:\/\/www.hannesmair.com\/it\/imprint\/","title":{"rendered":"Imprint"},"content":{"rendered":"\t\t<div data-elementor-type=\"wp-page\" data-elementor-id=\"407\" class=\"elementor elementor-407\">\n\t\t\t\t\t\t<section class=\"elementor-section elementor-top-section elementor-element elementor-element-d1634d3 elementor-section-height-min-height elementor-section-items-bottom elementor-section-boxed elementor-section-height-default\" data-id=\"d1634d3\" data-element_type=\"section\" data-settings=\"{&quot;background_background&quot;:&quot;classic&quot;}\">\n\t\t\t\t\t\t<div class=\"elementor-container elementor-column-gap-default\">\n\t\t\t\t\t<div class=\"elementor-column elementor-col-100 elementor-top-column elementor-element elementor-element-36af186\" data-id=\"36af186\" data-element_type=\"column\">\n\t\t\t<div class=\"elementor-widget-wrap elementor-element-populated\">\n\t\t\t\t\t\t<div class=\"elementor-element elementor-element-007c85d elementor-widget elementor-widget-text-editor\" data-id=\"007c85d\" data-element_type=\"widget\" data-widget_type=\"text-editor.default\">\n\t\t\t\t<div class=\"elementor-widget-container\">\n\t\t\t\t\t\t\t\t\t<p>Colofono &amp; protezione dati<\/p>\t\t\t\t\t\t\t\t<\/div>\n\t\t\t\t<\/div>\n\t\t\t\t\t<\/div>\n\t\t<\/div>\n\t\t\t\t\t<\/div>\n\t\t<\/section>\n\t\t\t\t<section class=\"elementor-section elementor-top-section elementor-element elementor-element-a3c3661 elementor-section-boxed elementor-section-height-default elementor-section-height-default\" data-id=\"a3c3661\" data-element_type=\"section\">\n\t\t\t\t\t\t<div class=\"elementor-container elementor-column-gap-default\">\n\t\t\t\t\t<div class=\"elementor-column elementor-col-100 elementor-top-column elementor-element elementor-element-5b634e1\" data-id=\"5b634e1\" data-element_type=\"column\">\n\t\t\t<div class=\"elementor-widget-wrap elementor-element-populated\">\n\t\t\t\t\t\t<div class=\"elementor-element elementor-element-0d6471f elementor-widget elementor-widget-text-editor\" data-id=\"0d6471f\" data-element_type=\"widget\" data-widget_type=\"text-editor.default\">\n\t\t\t\t<div class=\"elementor-widget-container\">\n\t\t\t\t\t\t\t\t\t<p>Macelleria Hannes Mair<\/p>\t\t\t\t\t\t\t\t<\/div>\n\t\t\t\t<\/div>\n\t\t\t\t<div class=\"elementor-element elementor-element-a4c3d52 elementor-widget elementor-widget-text-editor\" data-id=\"a4c3d52\" data-element_type=\"widget\" data-widget_type=\"text-editor.default\">\n\t\t\t\t<div class=\"elementor-widget-container\">\n\t\t\t\t\t\t\t\t\t<p>Via Principale 9<br \/>I-39018 Terlano<br \/>Telefono: <span style=\"color: #ae895c;\">+39 0471 257 114<\/span><br \/>E-Mail: info@metzgereimair.com<br \/>Internet: <span style=\"color: #ae895c;\">www.hannesmair.com<\/span><\/p><p>Camera di commercio di Bolzano Nr. 98971<br \/>P.Iva.: IT 01069720215<br \/>Codice Identificativo: SUBM70N<\/p><p><br \/>PEC:metzgereimair@pec.safog.com<\/p><p><b>Amministratore<\/b><br \/>Hannes Mair<\/p><p>Copyright: \u00a9 Metzgerei Hannes Mair<\/p>\t\t\t\t\t\t\t\t<\/div>\n\t\t\t\t<\/div>\n\t\t\t\t<div class=\"elementor-element elementor-element-de64632 elementor-widget elementor-widget-text-editor\" data-id=\"de64632\" data-element_type=\"widget\" data-widget_type=\"text-editor.default\">\n\t\t\t\t<div class=\"elementor-widget-container\">\n\t\t\t\t\t\t\t\t\t<p>Concetto &amp; Design<\/p>\t\t\t\t\t\t\t\t<\/div>\n\t\t\t\t<\/div>\n\t\t\t\t<div class=\"elementor-element elementor-element-cac2bf9 elementor-widget elementor-widget-text-editor\" data-id=\"cac2bf9\" data-element_type=\"widget\" data-widget_type=\"text-editor.default\">\n\t\t\t\t<div class=\"elementor-widget-container\">\n\t\t\t\t\t\t\t\t\t<p><strong>Cinemepic<\/strong><\/p><p>Via Pineta 114<br \/>I-39026 Prato allo Stelvio<br \/>Tel:\u00a0<a href=\"tel:+39 340 28 15 481\"><span style=\"color: #ae895c;\">+39 340 28 15 481<\/span><\/a><br \/>E-Mail:\u00a0\u00a0info@cinemepic.com<br \/>Internet:\u00a0<a title=\"Opens internal link in current window\" href=\"http:\/\/werbecompany.com\/\" target=\"_top\"><span style=\"color: #ae895c;\">www.cinemepic.com<\/span><\/a><\/p>\t\t\t\t\t\t\t\t<\/div>\n\t\t\t\t<\/div>\n\t\t\t\t<div class=\"elementor-element elementor-element-290e0db elementor-widget elementor-widget-text-editor\" data-id=\"290e0db\" data-element_type=\"widget\" data-widget_type=\"text-editor.default\">\n\t\t\t\t<div class=\"elementor-widget-container\">\n\t\t\t\t\t\t\t\t\t<p>Sviluppo<\/p>\t\t\t\t\t\t\t\t<\/div>\n\t\t\t\t<\/div>\n\t\t\t\t<div class=\"elementor-element elementor-element-f22e8ce elementor-widget elementor-widget-text-editor\" data-id=\"f22e8ce\" data-element_type=\"widget\" data-widget_type=\"text-editor.default\">\n\t\t\t\t<div class=\"elementor-widget-container\">\n\t\t\t\t\t\t\t\t\t<p><strong>Switch<\/strong><\/p><p>Via Principale 68<br \/>I-39018 Terlano<br \/>Tel:\u00a0<a href=\"tel:+393473770893\"><span style=\"color: #ae895c;\">+39 347 377 08 93<\/span><\/a><br \/>E-Mail:\u00a0 support@superswitch.co<br \/>Internet:\u00a0<a href=\"https:\/\/superswitch.co\"><span style=\"color: #ae895c;\">www.<\/span><span style=\"color: #ae895c;\">superswitch.co<\/span><\/a><\/p>\t\t\t\t\t\t\t\t<\/div>\n\t\t\t\t<\/div>\n\t\t\t\t<div class=\"elementor-element elementor-element-3a8ce86 elementor-widget elementor-widget-text-editor\" data-id=\"3a8ce86\" data-element_type=\"widget\" data-widget_type=\"text-editor.default\">\n\t\t\t\t<div class=\"elementor-widget-container\">\n\t\t\t\t\t\t\t\t\t<p>INFORMATIVA SULLA PROTEZIONE DEI DATI<\/p>\t\t\t\t\t\t\t\t<\/div>\n\t\t\t\t<\/div>\n\t\t\t\t<div class=\"elementor-element elementor-element-cc5d912 elementor-widget elementor-widget-text-editor\" data-id=\"cc5d912\" data-element_type=\"widget\" data-widget_type=\"text-editor.default\">\n\t\t\t\t<div class=\"elementor-widget-container\">\n\t\t\t\t\t\t\t\t\t<p>Informativa ai sensi dell\u2019art. 13 del Decreto Legislativo n. 196\/2003<\/p><p><br \/>Il D. Lgs. n. 196\/2003 (Codice in materia di protezione dei dati personali) prevede la tutela di persone e altri soggetti in merito al trattamento dei dati personali. Ai sensi della legge, i Suoi dati saranno da noi trattati in modo corretto e confidenziale. Ai sensi dell\u2019art. 13 del D.Lgs. n. 196\/2003, Le comunichiamo quanto segue.<br \/>1. I dati raccolti presso di Lei saranno utilizzati per i seguenti scopi: invio di materiale informativo 2. Il trattamento dei dati avviene nel seguente modo: digitale e\/o analogico 3. Il rilascio dei Suoi dati \u00e8 facoltativo. 4. I Suoi dati non verranno inoltrati a terzi n\u00e9 diffusi. 5. Il Responsabile del trattamento \u00e8: Macelleria Mair. 6. Il Titolare del trattamento \u00e8: Macelleria Mair 7. SIn ogni momento potr\u00e0 esercitare i Suoi diritti nei confronti del Responsabile del trattamento ai sensi dell\u2019art. 7 del D.Lgs. 196\/2003, che qui riportiamo integralmente: Decreto Legislativo n. 196\/2003, art. 7 \u2013 Diritto di accesso ai dati personali e altri diritti. 1. L\u2019Interessato ha diritto di ottenere la conferma dell\u2019esistenza o meno di dati personali che lo riguardano, anche se non ancora registrati, e la loro comunicazione in forma intelligibile. 2. L\u2019Interessato ha diritto di ottenere l\u2019indicazione: a) dell\u2019origine dei dati personali; b) delle finalit\u00e0 e modalit\u00e0 del trattamento; c) della logica applicata in caso di trattamento effettuato con l\u2019ausilio di strumenti elettronici; d) degli estremi identificativi del titolare, dei responsabili e del rappresentante designato ai sensi dell\u2019articolo 5, comma 2; e) dei soggetti o delle categorie di soggetti ai quali i dati personali possono essere comunicati o che possono venirne a conoscenza in qualit\u00e0 di rappresentante designato nel territorio dello Stato, di responsabili o incaricati. 3. L\u2019Interessato ha diritto di ottenere: a) l\u2019aggiornamento, la rettifica ovvero, quando vi ha interesse, l\u2019integrazione dei dati; b) la cancellazione, la trasformazione in forma anonima o il blocco dei dati trattati in violazione di legge, compresi quelli di cui non \u00e8 necessaria la conservazione in relazione agli scopi per i quali i dati sono stati raccolti o successivamente trattati; c) l\u2019attestazione che le operazioni di cui alle lettere a) e b) sono state portate a conoscenza, anche per quanto riguarda il loro contenuto, di coloro ai quali i dati sono stati comunicati o diffusi, eccettuato il caso in cui tale adempimento si rivela impossibile o comporta un impiego di mezzi manifestamente sproporzionato rispetto al diritto tutelato. 4. L\u2019Interessato ha diritto di opporsi, in tutto o in parte: a) per motivi legittimi al trattamento dei dati personali che lo riguardano, ancorch\u00e9 pertinenti allo scopo della raccolta; b) al trattamento di dati personali che lo riguardano a fini di invio di materiale pubblicitario o di vendita diretta o per il compimento di ricerche di mercato o di comunicazione commerciale. Esclusione di responsabilit\u00e0 a) Contenuto. Nonostante l\u2019attento controllo dell\u2019esattezza e della completezza dei contenuti e delle informazioni di questo sito web, non ci assumiamo alcuna responsabilit\u00e0 n\u00e9 rilasciamo alcuna garanzia in merito. b) Riferimenti e link. sono gli unici responsabili del contenuto delle loro pagine. Non ci assumiamo alcuna responsabilit\u00e0 per il contenuto di link esterni. I gestori delle pagine collegate Uso dei cookie (informativa dettagliata) Questo sito web utilizza i cookie per garantire il corretto funzionamento e la migliore fruibilit\u00e0 possibile. 1. Definizione I cookie sono piccoli file di testo inviati da questo sito web che permettono al server di memorizzare informazioni sul client (browser), che vengono riutilizzate durante la visita o al successivo accesso al sito web (da parte dell\u2019utente). I cookie vengono memorizzati in base alle impostazioni dell\u2019utente sul rispettivo browser e sul dispositivo utilizzato (computer, tablet, smartphone). Un cookie non pu\u00f2 recuperare ulteriori dati dal dispositivo utilizzato dall\u2019utente. 2. Tipi di cookie A seconda delle caratteristiche e dello scopo di utilizzo dei cookie, se ne possono distinguere diversi tipi. 2.1 Cookie tecnici Questi cookie sono essenziali per il corretto funzionamento del sito web e possono essere \u201ccookie di sessione\u201d e \u201ccookie persistenti\u201d: i cookie di sessione vengono cancellati dopo la chiusura del browser, i cookie persistenti non vengono cancellati dopo la chiusura del browser ma solo dopo una data definita e impostata 2.2 Cookie propri e di terzi per l\u2019analisi Questi cookie vengono utilizzati per la raccolta e l\u2019analisi anonima delle visite e dell\u2019utilizzo del sito web da parte degli utenti. Ad esempio, la durata della permanenza, la provenienza geografica, le pagine visitate, gli interessi a fini di marketing. Google Analytics Questo sito web utilizza \u201cGoogle Analytics\u201d, un servizio di analisi e statistiche sull\u2019utilizzo del sito web, fornito da Google, Inc. (\u201cGoogle\u201d). Google Analytics utilizza i cookie per analizzare le informazioni sul comportamento d\u2019uso dei visitatori del sito web in forma anonima (compreso l\u2019indirizzo IP dell\u2019utente). Queste informazioni vengono raccolte da Google Analytics e trasferite e memorizzate su un server di Google negli USA. Google non assocer\u00e0 l\u2019indirizzo IP dell\u2019utente a nessun altro dato posseduto da Google e non creer\u00e0 alcuna connessione con l\u2019identit\u00e0 dell\u2019utente. Google pu\u00f2 anche mettere queste informazioni a disposizione di terzi, se consentito dalla legge. Per ulteriori informazioni, consultare il seguente link: https:\/\/www.google.it\/policies\/privacy\/partners\/. L\u2019utente pu\u00f2 disattivare completamente l\u2019utilizzo di Google Analytics installando un componente \u201copt-out\u201d sul proprio browser: https:\/\/tools.google.com\/dlpage\/gaoptout. Per garantire l\u2019anonimato del proprio indirizzo IP, abbiamo aggiunto il codice \u201cgat._anonymizeIp();\u201d a questo sito web Google Analytics. 2. 3 Cookie di terze parti Questi cookie integrano funzioni (sviluppate da terze parti) nel sito web; ad esempio il social plugin dei social network come Facebook, per condividere il contenuto di questo sito web sulle reti sociali. Questi cookie sono generati dai siti web corrispondenti. Informativa Facebook: https:\/\/www.facebook.com\/help\/cookies\/ Facebook (configurazione): selezionare nel proprio account, sezione Privacy. Informativa Twitter: https:\/\/support.twitter.com\/articles\/20170514 Twitter (configurazione): https:\/\/twitter.com\/settings\/security Informativa Google+: http:\/\/www.google.it\/intl\/it\/policies\/technologies\/cookies\/ Google+ (configurazione): http:\/\/www.google.it\/intl\/it\/policies\/technologies\/managing\/. 2.4 Cookie di profilazione Si tratta di cookie memorizzati pi\u00f9 a lungo, per creare un profilo relativo all\u2019utente da utilizzare per scopi pubblicitari. Il presente sito web non utilizza cookie di profilazione. 3 Gestione e disattivazione dei cookie L\u2019utente pu\u00f2 disattivare l\u2019uso dei cookie sul suo browser. Attenzione: la disattivazione dei cookie tecnici pu\u00f2 influire sull\u2019utilizzo del sito web. Chrome: https:\/\/support.google.com\/accounts\/answer\/61416?hl=en Firefox: https:\/\/support.mozilla.org\/en-US\/kb\/enable-and-disable-cookies-website-preferences Internet Explorer: https:\/\/support.microsoft.com\/en-us\/kb\/278835 Opera: http:\/\/www.opera.com\/help\/tutorials\/security\/cookies\/ Safari: https:\/\/support.apple.com\/kb\/PH17191?viewlocale=en_US&amp;locale=en_US. Questa pagina contiene informazioni ai sensi dell\u2019art. 122, comma 2, del D.Lgs. 196\/2003 e le disposizioni semplificate per l\u2019informativa e l\u2019acquisizione del consenso per l\u2019uso dei cookie, pubblicate nella Gazzetta Ufficiale n. 126 del 3 giugno 2014 e il relativo provvedimento n. 229 dell\u20198 maggio 2014. Diritto d\u2019autore: \u00a9 Macelleria Mair \u2013 2016 \u2013 Tutti i diritti sono riservati. Salvo diversa indicazione, tutte le pagine sono soggette al diritto d\u2019autore. Ci\u00f2 vale in particolare per testi, immagini, grafici, file audio, video o di animazione, compresa la loro collocazione sulle pagine web. Qualsiasi riproduzione o utilizzo di tali pagine (o parti di esse) in altre pubblicazioni elettroniche o stampate e la loro diffusione (anche in internet) \u00e8 consentita solo previa esplicita autorizzazione. Inoltre, immagini, grafici, testi o altri file possono essere soggetti, in tutto o in parte, al diritto d\u2019autore di terzi. Tutti i marchi di fabbrica e i marchi di prodotto menzionati all\u2019interno dell\u2019offerta internet, ed eventualmente protetti da terzi, sono soggetti senza limitazioni alle disposizioni del rispettivo diritto di marchio valido e ai diritti di propriet\u00e0 dei rispettivi proprietari registrati. La semplice menzione nella nostra offerta internet non implica che i marchi non siano protetti da diritti di terzi.<\/p>\t\t\t\t\t\t\t\t<\/div>\n\t\t\t\t<\/div>\n\t\t\t\t\t<\/div>\n\t\t<\/div>\n\t\t\t\t\t<\/div>\n\t\t<\/section>\n\t\t\t\t<section class=\"elementor-section elementor-top-section elementor-element elementor-element-a7379d0 elementor-section-full_width elementor-section-height-default elementor-section-height-default\" data-id=\"a7379d0\" data-element_type=\"section\">\n\t\t\t\t\t\t<div class=\"elementor-container elementor-column-gap-default\">\n\t\t\t\t\t<div class=\"elementor-column elementor-col-100 elementor-top-column elementor-element elementor-element-38ac6f8\" data-id=\"38ac6f8\" data-element_type=\"column\">\n\t\t\t<div class=\"elementor-widget-wrap\">\n\t\t\t\t\t\t\t<\/div>\n\t\t<\/div>\n\t\t\t\t\t<\/div>\n\t\t<\/section>\n\t\t\t\t<section class=\"elementor-section elementor-top-section elementor-element elementor-element-3865d06f elementor-section-boxed elementor-section-height-default elementor-section-height-default\" data-id=\"3865d06f\" data-element_type=\"section\">\n\t\t\t\t\t\t<div class=\"elementor-container elementor-column-gap-default\">\n\t\t\t\t\t<div class=\"elementor-column elementor-col-100 elementor-top-column elementor-element elementor-element-4bcffad0\" data-id=\"4bcffad0\" data-element_type=\"column\">\n\t\t\t<div class=\"elementor-widget-wrap elementor-element-populated\">\n\t\t\t\t\t\t<div class=\"elementor-element elementor-element-2a18c462 elementor-view-default elementor-widget elementor-widget-icon\" data-id=\"2a18c462\" data-element_type=\"widget\" data-widget_type=\"icon.default\">\n\t\t\t\t<div class=\"elementor-widget-container\">\n\t\t\t\t\t\t\t<div class=\"elementor-icon-wrapper\">\n\t\t\t<div class=\"elementor-icon\">\n\t\t\t<i aria-hidden=\"true\" class=\"fas fa-chevron-up\"><\/i>\t\t\t<\/div>\n\t\t<\/div>\n\t\t\t\t\t\t<\/div>\n\t\t\t\t<\/div>\n\t\t\t\t<div class=\"elementor-element elementor-element-62bb40c5 elementor-align-center elementor-widget elementor-widget-button\" data-id=\"62bb40c5\" data-element_type=\"widget\" data-widget_type=\"button.default\">\n\t\t\t\t<div class=\"elementor-widget-container\">\n\t\t\t\t\t\t\t\t\t<div class=\"elementor-button-wrapper\">\n\t\t\t\t\t<a class=\"elementor-button elementor-button-link elementor-size-sm\" href=\"#\">\n\t\t\t\t\t\t<span class=\"elementor-button-content-wrapper\">\n\t\t\t\t\t\t\t\t\t<span class=\"elementor-button-text\">torna su<\/span>\n\t\t\t\t\t<\/span>\n\t\t\t\t\t<\/a>\n\t\t\t\t<\/div>\n\t\t\t\t\t\t\t\t<\/div>\n\t\t\t\t<\/div>\n\t\t\t\t\t<\/div>\n\t\t<\/div>\n\t\t\t\t\t<\/div>\n\t\t<\/section>\n\t\t\t\t<section class=\"elementor-section elementor-top-section elementor-element elementor-element-74292974 elementor-section-boxed elementor-section-height-default elementor-section-height-default\" data-id=\"74292974\" data-element_type=\"section\">\n\t\t\t\t\t\t<div class=\"elementor-container elementor-column-gap-default\">\n\t\t\t\t\t<div class=\"elementor-column elementor-col-100 elementor-top-column elementor-element elementor-element-48cbc54e\" data-id=\"48cbc54e\" data-element_type=\"column\">\n\t\t\t<div class=\"elementor-widget-wrap elementor-element-populated\">\n\t\t\t\t\t\t<div class=\"elementor-element elementor-element-dc96856 elementor-widget elementor-widget-image\" data-id=\"dc96856\" data-element_type=\"widget\" data-widget_type=\"image.default\">\n\t\t\t\t<div class=\"elementor-widget-container\">\n\t\t\t\t\t\t\t\t\t\t\t\t\t\t\t<img fetchpriority=\"high\" decoding=\"async\" width=\"474\" height=\"503\" src=\"https:\/\/www.hannesmair.com\/wp-content\/uploads\/2023\/10\/hannesmair_logo-1.png\" class=\"attachment-full size-full wp-image-1021\" alt=\"\" srcset=\"https:\/\/www.hannesmair.com\/wp-content\/uploads\/2023\/10\/hannesmair_logo-1.png 474w, https:\/\/www.hannesmair.com\/wp-content\/uploads\/2023\/10\/hannesmair_logo-1-283x300.png 283w\" sizes=\"(max-width: 474px) 100vw, 474px\" \/>\t\t\t\t\t\t\t\t\t\t\t\t\t\t\t<\/div>\n\t\t\t\t<\/div>\n\t\t\t\t\t<\/div>\n\t\t<\/div>\n\t\t\t\t\t<\/div>\n\t\t<\/section>\n\t\t\t\t<section class=\"elementor-section elementor-top-section elementor-element elementor-element-63e91b06 elementor-section-boxed elementor-section-height-default elementor-section-height-default\" data-id=\"63e91b06\" data-element_type=\"section\">\n\t\t\t\t\t\t<div class=\"elementor-container elementor-column-gap-default\">\n\t\t\t\t\t<div class=\"elementor-column elementor-col-50 elementor-top-column elementor-element elementor-element-40004e21\" data-id=\"40004e21\" data-element_type=\"column\">\n\t\t\t<div class=\"elementor-widget-wrap elementor-element-populated\">\n\t\t\t\t\t\t<div class=\"elementor-element elementor-element-77c34598 elementor-hidden-mobile elementor-widget elementor-widget-text-editor\" data-id=\"77c34598\" data-element_type=\"widget\" data-widget_type=\"text-editor.default\">\n\t\t\t\t<div class=\"elementor-widget-container\">\n\t\t\t\t\t\t\t\t\t<p>\u00a9 2023 Hannes Mair &#8211; All Rights Reserved.<\/p>\t\t\t\t\t\t\t\t<\/div>\n\t\t\t\t<\/div>\n\t\t\t\t\t<\/div>\n\t\t<\/div>\n\t\t\t\t<div class=\"elementor-column elementor-col-50 elementor-top-column elementor-element elementor-element-499f3fd0\" data-id=\"499f3fd0\" data-element_type=\"column\">\n\t\t\t<div class=\"elementor-widget-wrap elementor-element-populated\">\n\t\t\t\t\t\t<div class=\"elementor-element elementor-element-4998ca1c mair--footer-menu elementor-widget elementor-widget-wp-widget-nav_menu\" data-id=\"4998ca1c\" data-element_type=\"widget\" data-widget_type=\"wp-widget-nav_menu.default\">\n\t\t\t\t<div class=\"elementor-widget-container\">\n\t\t\t\t\t<nav class=\"menu-footer-it-container\" aria-label=\"Menu\"><ul id=\"menu-footer-it\" class=\"menu\"><li id=\"menu-item-745\" class=\"menu-item menu-item-type-post_type menu-item-object-page menu-item-745\"><a href=\"https:\/\/www.hannesmair.com\/it\/termini-e-condizioni\/\">Termini e condizioni<\/a><\/li>\n<li id=\"menu-item-416\" class=\"menu-item menu-item-type-post_type menu-item-object-page menu-item-416\"><a href=\"https:\/\/www.hannesmair.com\/it\/imprint\/\">Imprint<\/a><\/li>\n<\/ul><\/nav>\t\t\t\t<\/div>\n\t\t\t\t<\/div>\n\t\t\t\t<div class=\"elementor-element elementor-element-ffa8509 elementor-hidden-desktop elementor-hidden-tablet elementor-widget elementor-widget-text-editor\" data-id=\"ffa8509\" data-element_type=\"widget\" data-widget_type=\"text-editor.default\">\n\t\t\t\t<div class=\"elementor-widget-container\">\n\t\t\t\t\t\t\t\t\t<p>\u00a9 2023 Hannes Mair &#8211; All Rights Reserved.<\/p>\t\t\t\t\t\t\t\t<\/div>\n\t\t\t\t<\/div>\n\t\t\t\t\t<\/div>\n\t\t<\/div>\n\t\t\t\t\t<\/div>\n\t\t<\/section>\n\t\t\t\t<\/div>\n\t\t","protected":false},"excerpt":{"rendered":"<p>Colofono &amp; protezione dati Macelleria Hannes Mair Via Principale 9I-39018 TerlanoTelefono: +39 0471 257 114E-Mail: info@metzgereimair.comInternet: www.hannesmair.com Camera di commercio di Bolzano Nr. 98971P.Iva.: IT 01069720215Codice Identificativo: SUBM70N PEC:metzgereimair@pec.safog.com AmministratoreHannes Mair Copyright: \u00a9 Metzgerei Hannes Mair Concetto &amp; Design Cinemepic Via Pineta 114I-39026 Prato allo StelvioTel:\u00a0+39 340 28 15 481E-Mail:\u00a0\u00a0info@cinemepic.comInternet:\u00a0www.cinemepic.com Sviluppo Switch Via Principale 68I-39018 [&hellip;]<\/p>\n","protected":false},"author":1,"featured_media":0,"parent":0,"menu_order":0,"comment_status":"closed","ping_status":"closed","template":"","meta":{"footnotes":""},"_links":{"self":[{"href":"https:\/\/www.hannesmair.com\/it\/wp-json\/wp\/v2\/pages\/407"}],"collection":[{"href":"https:\/\/www.hannesmair.com\/it\/wp-json\/wp\/v2\/pages"}],"about":[{"href":"https:\/\/www.hannesmair.com\/it\/wp-json\/wp\/v2\/types\/page"}],"author":[{"embeddable":true,"href":"https:\/\/www.hannesmair.com\/it\/wp-json\/wp\/v2\/users\/1"}],"replies":[{"embeddable":true,"href":"https:\/\/www.hannesmair.com\/it\/wp-json\/wp\/v2\/comments?post=407"}],"version-history":[{"count":32,"href":"https:\/\/www.hannesmair.com\/it\/wp-json\/wp\/v2\/pages\/407\/revisions"}],"predecessor-version":[{"id":1228,"href":"https:\/\/www.hannesmair.com\/it\/wp-json\/wp\/v2\/pages\/407\/revisions\/1228"}],"wp:attachment":[{"href":"https:\/\/www.hannesmair.com\/it\/wp-json\/wp\/v2\/media?parent=407"}],"curies":[{"name":"wp","href":"https:\/\/api.w.org\/{rel}","templated":true}]}}