{"id":414,"date":"2023-07-19T16:50:22","date_gmt":"2023-07-19T14:50:22","guid":{"rendered":"https:\/\/hannesmair.node.systems\/?page_id=414"},"modified":"2024-07-17T10:39:57","modified_gmt":"2024-07-17T08:39:57","slug":"imprint","status":"publish","type":"page","link":"https:\/\/www.hannesmair.com\/en\/imprint\/","title":{"rendered":"Imprint"},"content":{"rendered":"\t\t<div data-elementor-type=\"wp-page\" data-elementor-id=\"414\" class=\"elementor elementor-414\">\n\t\t\t\t\t\t<section class=\"elementor-section elementor-top-section elementor-element elementor-element-d1634d3 elementor-section-height-min-height elementor-section-items-bottom elementor-section-boxed elementor-section-height-default\" data-id=\"d1634d3\" data-element_type=\"section\" data-settings=\"{&quot;background_background&quot;:&quot;classic&quot;}\">\n\t\t\t\t\t\t<div class=\"elementor-container elementor-column-gap-default\">\n\t\t\t\t\t<div class=\"elementor-column elementor-col-100 elementor-top-column elementor-element elementor-element-36af186\" data-id=\"36af186\" data-element_type=\"column\">\n\t\t\t<div class=\"elementor-widget-wrap elementor-element-populated\">\n\t\t\t\t\t\t<div class=\"elementor-element elementor-element-007c85d elementor-widget elementor-widget-text-editor\" data-id=\"007c85d\" data-element_type=\"widget\" data-widget_type=\"text-editor.default\">\n\t\t\t\t<div class=\"elementor-widget-container\">\n\t\t\t\t\t\t\t\t\t<p>Imprint<\/p>\t\t\t\t\t\t\t\t<\/div>\n\t\t\t\t<\/div>\n\t\t\t\t\t<\/div>\n\t\t<\/div>\n\t\t\t\t\t<\/div>\n\t\t<\/section>\n\t\t\t\t<section class=\"elementor-section elementor-top-section elementor-element elementor-element-a3c3661 elementor-section-boxed elementor-section-height-default elementor-section-height-default\" data-id=\"a3c3661\" data-element_type=\"section\">\n\t\t\t\t\t\t<div class=\"elementor-container elementor-column-gap-default\">\n\t\t\t\t\t<div class=\"elementor-column elementor-col-100 elementor-top-column elementor-element elementor-element-5b634e1\" data-id=\"5b634e1\" data-element_type=\"column\">\n\t\t\t<div class=\"elementor-widget-wrap elementor-element-populated\">\n\t\t\t\t\t\t<div class=\"elementor-element elementor-element-0d6471f elementor-widget elementor-widget-text-editor\" data-id=\"0d6471f\" data-element_type=\"widget\" data-widget_type=\"text-editor.default\">\n\t\t\t\t<div class=\"elementor-widget-container\">\n\t\t\t\t\t\t\t\t\t<p>Metzgerei Hannes Mair<\/p>\t\t\t\t\t\t\t\t<\/div>\n\t\t\t\t<\/div>\n\t\t\t\t<div class=\"elementor-element elementor-element-a4c3d52 elementor-widget elementor-widget-text-editor\" data-id=\"a4c3d52\" data-element_type=\"widget\" data-widget_type=\"text-editor.default\">\n\t\t\t\t<div class=\"elementor-widget-container\">\n\t\t\t\t\t\t\t\t\t<p>Hauptstra\u00dfe 9<br \/>I-39018 Terlan<br \/>Telefon: <span style=\"color: #ae895c;\">+39 0471 257 114<\/span><br \/>E-Mail: info@metzgereimair.com<br \/>Internet: <span style=\"color: #ae895c;\">www.hannesmair.com<\/span><\/p><p>Eingetragen im Register der Handelskammer Bozen Nr. 98971<br \/>MwSt.-Nr.: IT 01069720215<br \/>Empf\u00e4ngerkodex: SUBM70N<\/p><p>PEC: metzgereimair@pec.safog.com<\/p><p><b>Gesch\u00e4ftsf\u00fchrer<\/b><br \/>Hannes Mair<\/p><p>Copyright: \u00a9 Metzgerei Hannes Mair<\/p>\t\t\t\t\t\t\t\t<\/div>\n\t\t\t\t<\/div>\n\t\t\t\t<div class=\"elementor-element elementor-element-cfbd475 elementor-widget elementor-widget-text-editor\" data-id=\"cfbd475\" data-element_type=\"widget\" data-widget_type=\"text-editor.default\">\n\t\t\t\t<div class=\"elementor-widget-container\">\n\t\t\t\t\t\t\t\t\t<p>Concept &amp; Design<\/p>\t\t\t\t\t\t\t\t<\/div>\n\t\t\t\t<\/div>\n\t\t\t\t<div class=\"elementor-element elementor-element-c441c63 elementor-widget elementor-widget-text-editor\" data-id=\"c441c63\" data-element_type=\"widget\" data-widget_type=\"text-editor.default\">\n\t\t\t\t<div class=\"elementor-widget-container\">\n\t\t\t\t\t\t\t\t\t<p><strong>Cinemepic<\/strong><\/p><p>Kiefernhainweg 114<br \/>I-39026 Prad am Stilfserjoch<br \/>Tel:\u00a0<a href=\"tel:+39 340 28 15 481\"><span style=\"color: #ae895c;\">+39 340 28 15 481<\/span><\/a><br \/>E-Mail:\u00a0\u00a0info@cinemepic.com<br \/>Internet:\u00a0<a title=\"Opens internal link in current window\" href=\"http:\/\/werbecompany.com\/\" target=\"_top\"><span style=\"color: #ae895c;\">www.cinemepic.com<\/span><\/a><\/p>\t\t\t\t\t\t\t\t<\/div>\n\t\t\t\t<\/div>\n\t\t\t\t<div class=\"elementor-element elementor-element-be84b7b elementor-widget elementor-widget-text-editor\" data-id=\"be84b7b\" data-element_type=\"widget\" data-widget_type=\"text-editor.default\">\n\t\t\t\t<div class=\"elementor-widget-container\">\n\t\t\t\t\t\t\t\t\t<p>Code &amp; Development<\/p>\t\t\t\t\t\t\t\t<\/div>\n\t\t\t\t<\/div>\n\t\t\t\t<div class=\"elementor-element elementor-element-78875af elementor-widget elementor-widget-text-editor\" data-id=\"78875af\" data-element_type=\"widget\" data-widget_type=\"text-editor.default\">\n\t\t\t\t<div class=\"elementor-widget-container\">\n\t\t\t\t\t\t\t\t\t<p><strong>Switch<\/strong><\/p><p>Hauptstrasse 68<br \/>I-39018 Terlan<br \/>Tel:\u00a0<a href=\"tel:+393473770893\"><span style=\"color: #ae895c;\">+39 347 377 08 93<\/span><\/a><br \/>E-Mail:\u00a0 support@superswitch.co<br \/>Internet:\u00a0<a href=\"https:\/\/superswitch.co\"><span style=\"color: #ae895c;\">www.<\/span><span style=\"color: #ae895c;\">superswitch.co<\/span><\/a><\/p>\t\t\t\t\t\t\t\t<\/div>\n\t\t\t\t<\/div>\n\t\t\t\t\t<\/div>\n\t\t<\/div>\n\t\t\t\t\t<\/div>\n\t\t<\/section>\n\t\t\t\t<section class=\"elementor-section elementor-top-section elementor-element elementor-element-0563ed3 elementor-section-full_width elementor-section-height-default elementor-section-height-default\" data-id=\"0563ed3\" data-element_type=\"section\">\n\t\t\t\t\t\t<div class=\"elementor-container elementor-column-gap-default\">\n\t\t\t\t\t<div class=\"elementor-column elementor-col-100 elementor-top-column elementor-element elementor-element-61c5d26\" data-id=\"61c5d26\" data-element_type=\"column\">\n\t\t\t<div class=\"elementor-widget-wrap\">\n\t\t\t\t\t\t\t<\/div>\n\t\t<\/div>\n\t\t\t\t\t<\/div>\n\t\t<\/section>\n\t\t\t\t<section class=\"elementor-section elementor-top-section elementor-element elementor-element-4e97eed4 elementor-section-boxed elementor-section-height-default elementor-section-height-default\" data-id=\"4e97eed4\" data-element_type=\"section\">\n\t\t\t\t\t\t<div class=\"elementor-container elementor-column-gap-default\">\n\t\t\t\t\t<div class=\"elementor-column elementor-col-100 elementor-top-column elementor-element elementor-element-528e7f4\" data-id=\"528e7f4\" data-element_type=\"column\">\n\t\t\t<div class=\"elementor-widget-wrap elementor-element-populated\">\n\t\t\t\t\t\t<div class=\"elementor-element elementor-element-393b06fd elementor-view-default elementor-widget elementor-widget-icon\" data-id=\"393b06fd\" data-element_type=\"widget\" data-widget_type=\"icon.default\">\n\t\t\t\t<div class=\"elementor-widget-container\">\n\t\t\t\t\t\t\t<div class=\"elementor-icon-wrapper\">\n\t\t\t<div class=\"elementor-icon\">\n\t\t\t<i aria-hidden=\"true\" class=\"fas fa-chevron-up\"><\/i>\t\t\t<\/div>\n\t\t<\/div>\n\t\t\t\t\t\t<\/div>\n\t\t\t\t<\/div>\n\t\t\t\t<div class=\"elementor-element elementor-element-21b5d5a6 elementor-align-center elementor-widget elementor-widget-button\" data-id=\"21b5d5a6\" data-element_type=\"widget\" data-widget_type=\"button.default\">\n\t\t\t\t<div class=\"elementor-widget-container\">\n\t\t\t\t\t\t\t\t\t<div class=\"elementor-button-wrapper\">\n\t\t\t\t\t<a class=\"elementor-button elementor-button-link elementor-size-sm\" href=\"#\">\n\t\t\t\t\t\t<span class=\"elementor-button-content-wrapper\">\n\t\t\t\t\t\t\t\t\t<span class=\"elementor-button-text\">go back up<\/span>\n\t\t\t\t\t<\/span>\n\t\t\t\t\t<\/a>\n\t\t\t\t<\/div>\n\t\t\t\t\t\t\t\t<\/div>\n\t\t\t\t<\/div>\n\t\t\t\t\t<\/div>\n\t\t<\/div>\n\t\t\t\t\t<\/div>\n\t\t<\/section>\n\t\t\t\t<section class=\"elementor-section elementor-top-section elementor-element elementor-element-5b7fc424 elementor-section-boxed elementor-section-height-default elementor-section-height-default\" data-id=\"5b7fc424\" data-element_type=\"section\">\n\t\t\t\t\t\t<div class=\"elementor-container elementor-column-gap-default\">\n\t\t\t\t\t<div class=\"elementor-column elementor-col-100 elementor-top-column elementor-element elementor-element-21ee1833\" data-id=\"21ee1833\" data-element_type=\"column\">\n\t\t\t<div class=\"elementor-widget-wrap elementor-element-populated\">\n\t\t\t\t\t\t<div class=\"elementor-element elementor-element-c00588a elementor-widget elementor-widget-image\" data-id=\"c00588a\" data-element_type=\"widget\" data-widget_type=\"image.default\">\n\t\t\t\t<div class=\"elementor-widget-container\">\n\t\t\t\t\t\t\t\t\t\t\t\t\t\t\t<img fetchpriority=\"high\" decoding=\"async\" width=\"474\" height=\"503\" src=\"https:\/\/www.hannesmair.com\/wp-content\/uploads\/2023\/10\/hannesmair_logo-1.png\" class=\"attachment-full size-full wp-image-1021\" alt=\"\" srcset=\"https:\/\/www.hannesmair.com\/wp-content\/uploads\/2023\/10\/hannesmair_logo-1.png 474w, https:\/\/www.hannesmair.com\/wp-content\/uploads\/2023\/10\/hannesmair_logo-1-283x300.png 283w\" sizes=\"(max-width: 474px) 100vw, 474px\" \/>\t\t\t\t\t\t\t\t\t\t\t\t\t\t\t<\/div>\n\t\t\t\t<\/div>\n\t\t\t\t\t<\/div>\n\t\t<\/div>\n\t\t\t\t\t<\/div>\n\t\t<\/section>\n\t\t\t\t<section class=\"elementor-section elementor-top-section elementor-element elementor-element-23d83e46 elementor-section-boxed elementor-section-height-default elementor-section-height-default\" data-id=\"23d83e46\" data-element_type=\"section\">\n\t\t\t\t\t\t<div class=\"elementor-container elementor-column-gap-default\">\n\t\t\t\t\t<div class=\"elementor-column elementor-col-50 elementor-top-column elementor-element elementor-element-6ef488fa\" data-id=\"6ef488fa\" data-element_type=\"column\">\n\t\t\t<div class=\"elementor-widget-wrap elementor-element-populated\">\n\t\t\t\t\t\t<div class=\"elementor-element elementor-element-3473e94b elementor-hidden-mobile elementor-widget elementor-widget-text-editor\" data-id=\"3473e94b\" data-element_type=\"widget\" data-widget_type=\"text-editor.default\">\n\t\t\t\t<div class=\"elementor-widget-container\">\n\t\t\t\t\t\t\t\t\t<p>\u00a9 2023 Hannes Mair &#8211; All Rights Reserved.<\/p>\t\t\t\t\t\t\t\t<\/div>\n\t\t\t\t<\/div>\n\t\t\t\t\t<\/div>\n\t\t<\/div>\n\t\t\t\t<div class=\"elementor-column elementor-col-50 elementor-top-column elementor-element elementor-element-2bd207c0\" data-id=\"2bd207c0\" data-element_type=\"column\">\n\t\t\t<div class=\"elementor-widget-wrap elementor-element-populated\">\n\t\t\t\t\t\t<div class=\"elementor-element elementor-element-7eadfada mair--footer-menu elementor-widget elementor-widget-wp-widget-nav_menu\" data-id=\"7eadfada\" data-element_type=\"widget\" data-widget_type=\"wp-widget-nav_menu.default\">\n\t\t\t\t<div class=\"elementor-widget-container\">\n\t\t\t\t\t<nav class=\"menu-footer-en-container\" aria-label=\"Menu\"><ul id=\"menu-footer-en\" class=\"menu\"><li id=\"menu-item-797\" class=\"menu-item menu-item-type-post_type menu-item-object-page menu-item-797\"><a href=\"https:\/\/www.hannesmair.com\/en\/terms-and-conditions\/\">Terms and conditions<\/a><\/li>\n<li id=\"menu-item-798\" class=\"menu-item menu-item-type-post_type menu-item-object-page menu-item-798\"><a href=\"https:\/\/www.hannesmair.com\/en\/imprint\/\">Imprint<\/a><\/li>\n<\/ul><\/nav>\t\t\t\t<\/div>\n\t\t\t\t<\/div>\n\t\t\t\t<div class=\"elementor-element elementor-element-48ef183d elementor-hidden-desktop elementor-hidden-tablet elementor-widget elementor-widget-text-editor\" data-id=\"48ef183d\" data-element_type=\"widget\" data-widget_type=\"text-editor.default\">\n\t\t\t\t<div class=\"elementor-widget-container\">\n\t\t\t\t\t\t\t\t\t<p>\u00a9 2023 Hannes Mair &#8211; All Rights Reserved.<\/p>\t\t\t\t\t\t\t\t<\/div>\n\t\t\t\t<\/div>\n\t\t\t\t\t<\/div>\n\t\t<\/div>\n\t\t\t\t\t<\/div>\n\t\t<\/section>\n\t\t\t\t<\/div>\n\t\t","protected":false},"excerpt":{"rendered":"<p>Imprint Metzgerei Hannes Mair Hauptstra\u00dfe 9I-39018 TerlanTelefon: +39 0471 257 114E-Mail: info@metzgereimair.comInternet: www.hannesmair.com Eingetragen im Register der Handelskammer Bozen Nr. 98971MwSt.-Nr.: IT 01069720215Empf\u00e4ngerkodex: SUBM70N PEC: metzgereimair@pec.safog.com Gesch\u00e4ftsf\u00fchrerHannes Mair Copyright: \u00a9 Metzgerei Hannes Mair Concept &amp; Design Cinemepic Kiefernhainweg 114I-39026 Prad am StilfserjochTel:\u00a0+39 340 28 15 481E-Mail:\u00a0\u00a0info@cinemepic.comInternet:\u00a0www.cinemepic.com Code &amp; Development Switch Hauptstrasse 68I-39018 TerlanTel:\u00a0+39 347 377 [&hellip;]<\/p>\n","protected":false},"author":1,"featured_media":0,"parent":0,"menu_order":0,"comment_status":"closed","ping_status":"closed","template":"","meta":{"footnotes":""},"_links":{"self":[{"href":"https:\/\/www.hannesmair.com\/en\/wp-json\/wp\/v2\/pages\/414"}],"collection":[{"href":"https:\/\/www.hannesmair.com\/en\/wp-json\/wp\/v2\/pages"}],"about":[{"href":"https:\/\/www.hannesmair.com\/en\/wp-json\/wp\/v2\/types\/page"}],"author":[{"embeddable":true,"href":"https:\/\/www.hannesmair.com\/en\/wp-json\/wp\/v2\/users\/1"}],"replies":[{"embeddable":true,"href":"https:\/\/www.hannesmair.com\/en\/wp-json\/wp\/v2\/comments?post=414"}],"version-history":[{"count":25,"href":"https:\/\/www.hannesmair.com\/en\/wp-json\/wp\/v2\/pages\/414\/revisions"}],"predecessor-version":[{"id":1251,"href":"https:\/\/www.hannesmair.com\/en\/wp-json\/wp\/v2\/pages\/414\/revisions\/1251"}],"wp:attachment":[{"href":"https:\/\/www.hannesmair.com\/en\/wp-json\/wp\/v2\/media?parent=414"}],"curies":[{"name":"wp","href":"https:\/\/api.w.org\/{rel}","templated":true}]}}